{"id":3855,"date":"2023-01-30T09:04:45","date_gmt":"2023-01-30T09:04:45","guid":{"rendered":"https:\/\/truccsa.com\/?page_id=3855"},"modified":"2023-01-30T09:29:13","modified_gmt":"2023-01-30T09:29:13","slug":"quality-politics","status":"publish","type":"page","link":"https:\/\/truccsa.com\/en\/quality-politics\/","title":{"rendered":"Quality politics"},"content":{"rendered":"\t\t<div data-elementor-type=\"wp-page\" data-elementor-id=\"3855\" class=\"elementor elementor-3855 elementor-3854\" data-elementor-post-type=\"page\">\n\t\t\t\t\t\t<section class=\"elementor-section elementor-top-section elementor-element elementor-element-513357d elementor-section-full_width elementor-section-height-default elementor-section-height-default\" data-id=\"513357d\" data-element_type=\"section\" data-e-type=\"section\" data-settings=\"{&quot;background_background&quot;:&quot;classic&quot;,&quot;sticky&quot;:&quot;top&quot;,&quot;sticky_on&quot;:[&quot;desktop&quot;,&quot;tablet&quot;,&quot;mobile&quot;],&quot;sticky_offset&quot;:0,&quot;sticky_effects_offset&quot;:0,&quot;sticky_anchor_link_offset&quot;:0}\">\n\t\t\t\t\t\t<div class=\"elementor-container elementor-column-gap-default\">\n\t\t\t\t\t<div class=\"elementor-column elementor-col-33 elementor-top-column elementor-element elementor-element-7485739\" data-id=\"7485739\" data-element_type=\"column\" data-e-type=\"column\">\n\t\t\t<div class=\"elementor-widget-wrap elementor-element-populated\">\n\t\t\t\t\t\t<div class=\"elementor-element elementor-element-88d22d2 elementor-widget__width-auto elementor-view-default elementor-widget elementor-widget-icon\" data-id=\"88d22d2\" data-element_type=\"widget\" data-e-type=\"widget\" data-widget_type=\"icon.default\">\n\t\t\t\t<div class=\"elementor-widget-container\">\n\t\t\t\t\t\t\t<div class=\"elementor-icon-wrapper\">\n\t\t\t<a class=\"elementor-icon\" href=\"#elementor-action%3Aaction%3Dpopup%3Aopen%26settings%3DeyJpZCI6MzE1OSwidG9nZ2xlIjpmYWxzZX0%3D\">\n\t\t\t<i aria-hidden=\"true\" class=\"fas fa-bars\"><\/i>\t\t\t<\/a>\n\t\t<\/div>\n\t\t\t\t\t\t<\/div>\n\t\t\t\t<\/div>\n\t\t\t\t<div class=\"elementor-element elementor-element-6f58aeb elementor-widget__width-auto elementor-hidden-mobile elementor-widget elementor-widget-image\" data-id=\"6f58aeb\" data-element_type=\"widget\" data-e-type=\"widget\" data-widget_type=\"image.default\">\n\t\t\t\t<div class=\"elementor-widget-container\">\n\t\t\t\t\t\t\t\t\t\t\t\t\t\t\t\t<a href=\"https:\/\/truccsa.com\/pure-air-mortero-mineralizador\/\">\n\t\t\t\t\t\t\t<img decoding=\"async\" width=\"136\" height=\"31\" src=\"https:\/\/truccsa.com\/wp-content\/uploads\/2022\/03\/pure-air-truccsa-btn-2.png\" class=\"attachment-large size-large wp-image-2799\" alt=\"Aplicaci\u00f3n del mortero mineralizador Pure Air en fachada para mejorar la calidad del aire y la durabilidad.\" \/>\t\t\t\t\t\t\t\t<\/a>\n\t\t\t\t\t\t\t\t\t\t\t\t\t\t\t<\/div>\n\t\t\t\t<\/div>\n\t\t\t\t\t<\/div>\n\t\t<\/div>\n\t\t\t\t<div class=\"elementor-column elementor-col-33 elementor-top-column elementor-element elementor-element-8d3fe2c\" data-id=\"8d3fe2c\" data-element_type=\"column\" data-e-type=\"column\">\n\t\t\t<div class=\"elementor-widget-wrap elementor-element-populated\">\n\t\t\t\t\t\t<div class=\"elementor-element elementor-element-b956139 elementor-absolute elementor-widget elementor-widget-image\" data-id=\"b956139\" data-element_type=\"widget\" data-e-type=\"widget\" data-settings=\"{&quot;_position&quot;:&quot;absolute&quot;}\" data-widget_type=\"image.default\">\n\t\t\t\t<div class=\"elementor-widget-container\">\n\t\t\t\t\t\t\t\t\t\t\t\t\t\t\t\t<a href=\"https:\/\/truccsa.com\/en\/\">\n\t\t\t\t\t\t\t<img decoding=\"async\" width=\"80\" height=\"107\" src=\"https:\/\/truccsa.com\/wp-content\/uploads\/2022\/03\/logo.png\" class=\"attachment-thumbnail size-thumbnail wp-image-2019\" alt=\"\" \/>\t\t\t\t\t\t\t\t<\/a>\n\t\t\t\t\t\t\t\t\t\t\t\t\t\t\t<\/div>\n\t\t\t\t<\/div>\n\t\t\t\t\t<\/div>\n\t\t<\/div>\n\t\t\t\t<div class=\"elementor-column elementor-col-33 elementor-top-column elementor-element elementor-element-da9aee1\" data-id=\"da9aee1\" data-element_type=\"column\" data-e-type=\"column\">\n\t\t\t<div class=\"elementor-widget-wrap elementor-element-populated\">\n\t\t\t\t\t\t<section class=\"elementor-section elementor-inner-section elementor-element elementor-element-e8d6a7a elementor-section-boxed elementor-section-height-default elementor-section-height-default\" data-id=\"e8d6a7a\" data-element_type=\"section\" data-e-type=\"section\">\n\t\t\t\t\t\t<div class=\"elementor-container elementor-column-gap-default\">\n\t\t\t\t\t<div class=\"elementor-column elementor-col-100 elementor-inner-column elementor-element elementor-element-ffa2a43\" data-id=\"ffa2a43\" data-element_type=\"column\" data-e-type=\"column\">\n\t\t\t<div class=\"elementor-widget-wrap elementor-element-populated\">\n\t\t\t\t\t\t<div class=\"elementor-element elementor-element-4310708 elementor-hidden-mobile elementor-widget elementor-widget-heading\" data-id=\"4310708\" data-element_type=\"widget\" data-e-type=\"widget\" data-widget_type=\"heading.default\">\n\t\t\t\t<div class=\"elementor-widget-container\">\n\t\t\t\t\t<div class=\"elementor-heading-title elementor-size-default\"><a href=\"tel:+34968081080\"><i aria-hidden=\"true\" class=\"fas fa-phone-volume\"><\/i> <span style=\"font-weight:300;font-size:0.8em\">(+34)<\/span> 968 08 10 80<\/a><\/div>\t\t\t\t<\/div>\n\t\t\t\t<\/div>\n\t\t\t\t<div class=\"elementor-element elementor-element-9e1df5a elementor-absolute elementor-widget__width-auto elementor-widget elementor-widget-wpml-language-switcher\" data-id=\"9e1df5a\" data-element_type=\"widget\" data-e-type=\"widget\" data-settings=\"{&quot;_position&quot;:&quot;absolute&quot;}\" data-widget_type=\"wpml-language-switcher.default\">\n\t\t\t\t<div class=\"elementor-widget-container\">\n\t\t\t\t\t<div class=\"wpml-elementor-ls\">\n<div\n\t class=\"wpml-ls-statics-shortcode_actions wpml-ls wpml-ls-legacy-dropdown js-wpml-ls-legacy-dropdown\">\n\t<ul role=\"menu\">\n\n\t\t<li role=\"none\" tabindex=\"0\" class=\"wpml-ls-slot-shortcode_actions wpml-ls-item wpml-ls-item-en wpml-ls-current-language wpml-ls-item-legacy-dropdown\">\n\t\t\t<a href=\"#\" class=\"js-wpml-ls-item-toggle wpml-ls-item-toggle\" role=\"menuitem\" title=\"Switch to English\">\n                                                    <img decoding=\"async\"\n            class=\"wpml-ls-flag\"\n            src=\"https:\/\/truccsa.com\/wp-content\/plugins\/sitepress-multilingual-cms\/res\/flags\/en.png\"\n            alt=\"English\"\n            width=18\n            height=12\n    \/><\/a>\n\n\t\t\t<ul class=\"wpml-ls-sub-menu\" role=\"menu\">\n\t\t\t\t\n\t\t\t\t\t<li class=\"wpml-ls-slot-shortcode_actions wpml-ls-item wpml-ls-item-es wpml-ls-first-item\" role=\"none\">\n\t\t\t\t\t\t<a href=\"https:\/\/truccsa.com\/\" class=\"wpml-ls-link\" role=\"menuitem\" aria-label=\"Switch to Spanish\" title=\"Switch to Spanish\">\n                                                                <img decoding=\"async\"\n            class=\"wpml-ls-flag\"\n            src=\"https:\/\/truccsa.com\/wp-content\/plugins\/sitepress-multilingual-cms\/res\/flags\/es.png\"\n            alt=\"Spanish\"\n            width=18\n            height=12\n    \/><\/a>\n\t\t\t\t\t<\/li>\n\n\t\t\t\t\n\t\t\t\t\t<li class=\"wpml-ls-slot-shortcode_actions wpml-ls-item wpml-ls-item-fr wpml-ls-last-item\" role=\"none\">\n\t\t\t\t\t\t<a href=\"https:\/\/truccsa.com\/fr\/\" class=\"wpml-ls-link\" role=\"menuitem\" aria-label=\"Switch to French\" title=\"Switch to French\">\n                                                                <img decoding=\"async\"\n            class=\"wpml-ls-flag\"\n            src=\"https:\/\/truccsa.com\/wp-content\/plugins\/sitepress-multilingual-cms\/res\/flags\/fr.png\"\n            alt=\"French\"\n            width=18\n            height=12\n    \/><\/a>\n\t\t\t\t\t<\/li>\n\n\t\t\t\t\t\t\t<\/ul>\n\n\t\t<\/li>\n\n\t<\/ul>\n<\/div>\n<\/div>\t\t\t\t<\/div>\n\t\t\t\t<\/div>\n\t\t\t\t\t<\/div>\n\t\t<\/div>\n\t\t\t\t\t<\/div>\n\t\t<\/section>\n\t\t\t\t\t<\/div>\n\t\t<\/div>\n\t\t\t\t\t<\/div>\n\t\t<\/section>\n\t\t\t\t<section class=\"elementor-section elementor-top-section elementor-element elementor-element-28d772c5 elementor-section-full_width elementor-section-height-default elementor-section-height-default\" data-id=\"28d772c5\" data-element_type=\"section\" data-e-type=\"section\" id=\"descargas\">\n\t\t\t\t\t\t\t<div class=\"elementor-background-overlay\"><\/div>\n\t\t\t\t\t\t\t<div class=\"elementor-container elementor-column-gap-default\">\n\t\t\t\t\t<div class=\"elementor-column elementor-col-100 elementor-top-column elementor-element elementor-element-94c3a9c\" data-id=\"94c3a9c\" data-element_type=\"column\" data-e-type=\"column\">\n\t\t\t<div class=\"elementor-widget-wrap elementor-element-populated\">\n\t\t\t\t\t\t<section class=\"elementor-section elementor-inner-section elementor-element elementor-element-16ca4a3 elementor-section-full_width elementor-section-height-default elementor-section-height-default\" data-id=\"16ca4a3\" data-element_type=\"section\" data-e-type=\"section\" data-settings=\"{&quot;background_background&quot;:&quot;classic&quot;}\">\n\t\t\t\t\t\t<div class=\"elementor-container elementor-column-gap-default\">\n\t\t\t\t\t<div class=\"elementor-column elementor-col-100 elementor-inner-column elementor-element elementor-element-74f2c16\" data-id=\"74f2c16\" data-element_type=\"column\" data-e-type=\"column\">\n\t\t\t<div class=\"elementor-widget-wrap elementor-element-populated\">\n\t\t\t\t\t\t<div class=\"elementor-element elementor-element-17620a3 elementor-widget elementor-widget-spacer\" data-id=\"17620a3\" data-element_type=\"widget\" data-e-type=\"widget\" data-widget_type=\"spacer.default\">\n\t\t\t\t<div class=\"elementor-widget-container\">\n\t\t\t\t\t\t\t<div class=\"elementor-spacer\">\n\t\t\t<div class=\"elementor-spacer-inner\"><\/div>\n\t\t<\/div>\n\t\t\t\t\t\t<\/div>\n\t\t\t\t<\/div>\n\t\t\t\t<div class=\"elementor-element elementor-element-3973784 elementor-widget elementor-widget-heading\" data-id=\"3973784\" data-element_type=\"widget\" data-e-type=\"widget\" data-widget_type=\"heading.default\">\n\t\t\t\t<div class=\"elementor-widget-container\">\n\t\t\t\t\t<h1 class=\"elementor-heading-title elementor-size-default\">Quality politics<\/h1>\t\t\t\t<\/div>\n\t\t\t\t<\/div>\n\t\t\t\t<div class=\"elementor-element elementor-element-be925a2 elementor-widget elementor-widget-spacer\" data-id=\"be925a2\" data-element_type=\"widget\" data-e-type=\"widget\" data-widget_type=\"spacer.default\">\n\t\t\t\t<div class=\"elementor-widget-container\">\n\t\t\t\t\t\t\t<div class=\"elementor-spacer\">\n\t\t\t<div class=\"elementor-spacer-inner\"><\/div>\n\t\t<\/div>\n\t\t\t\t\t\t<\/div>\n\t\t\t\t<\/div>\n\t\t\t\t\t<\/div>\n\t\t<\/div>\n\t\t\t\t\t<\/div>\n\t\t<\/section>\n\t\t\t\t\t<\/div>\n\t\t<\/div>\n\t\t\t\t\t<\/div>\n\t\t<\/section>\n\t\t\t\t<section class=\"elementor-section elementor-top-section elementor-element elementor-element-e6bfe39 elementor-section-content-middle elementor-section-boxed elementor-section-height-default elementor-section-height-default\" data-id=\"e6bfe39\" data-element_type=\"section\" data-e-type=\"section\" id=\"revestimientos-de-fachada\">\n\t\t\t\t\t\t<div class=\"elementor-container elementor-column-gap-no\">\n\t\t\t\t\t<div class=\"elementor-column elementor-col-100 elementor-top-column elementor-element elementor-element-278fc62\" data-id=\"278fc62\" data-element_type=\"column\" data-e-type=\"column\">\n\t\t\t<div class=\"elementor-widget-wrap elementor-element-populated\">\n\t\t\t\t\t\t<div class=\"elementor-element elementor-element-8ed5aae elementor-widget__width-initial elementor-widget elementor-widget-text-editor\" data-id=\"8ed5aae\" data-element_type=\"widget\" data-e-type=\"widget\" data-widget_type=\"text-editor.default\">\n\t\t\t\t<div class=\"elementor-widget-container\">\n\t\t\t\t\t\t\t\t\t<p><strong>TRUCCSA<\/strong>, a company dedicated to the manufacture and sale of products for the construction sector, has the <strong>ISO 9001:2015 certificate<\/strong><\/p>\t\t\t\t\t\t\t\t<\/div>\n\t\t\t\t<\/div>\n\t\t\t\t<div class=\"elementor-element elementor-element-1bc46e2 elementor-widget elementor-widget-spacer\" data-id=\"1bc46e2\" data-element_type=\"widget\" data-e-type=\"widget\" data-widget_type=\"spacer.default\">\n\t\t\t\t<div class=\"elementor-widget-container\">\n\t\t\t\t\t\t\t<div class=\"elementor-spacer\">\n\t\t\t<div class=\"elementor-spacer-inner\"><\/div>\n\t\t<\/div>\n\t\t\t\t\t\t<\/div>\n\t\t\t\t<\/div>\n\t\t\t\t<div class=\"elementor-element elementor-element-934c112 elementor-align-center elementor-widget elementor-widget-button\" data-id=\"934c112\" data-element_type=\"widget\" data-e-type=\"widget\" data-widget_type=\"button.default\">\n\t\t\t\t<div class=\"elementor-widget-container\">\n\t\t\t\t\t\t\t\t\t<div class=\"elementor-button-wrapper\">\n\t\t\t\t\t<a class=\"elementor-button elementor-button-link elementor-size-md\" href=\"https:\/\/truccsa.com\/wp-content\/uploads\/2023\/01\/politica-de-calidad.pdf\" target=\"_blank\">\n\t\t\t\t\t\t<span class=\"elementor-button-content-wrapper\">\n\t\t\t\t\t\t<span class=\"elementor-button-icon\">\n\t\t\t\t<i aria-hidden=\"true\" class=\"fas fa-file-download\"><\/i>\t\t\t<\/span>\n\t\t\t\t\t\t\t\t\t<span class=\"elementor-button-text\">Quality Politics<\/span>\n\t\t\t\t\t<\/span>\n\t\t\t\t\t<\/a>\n\t\t\t\t<\/div>\n\t\t\t\t\t\t\t\t<\/div>\n\t\t\t\t<\/div>\n\t\t\t\t<div class=\"elementor-element elementor-element-9996f91 elementor-widget elementor-widget-spacer\" data-id=\"9996f91\" data-element_type=\"widget\" data-e-type=\"widget\" data-widget_type=\"spacer.default\">\n\t\t\t\t<div class=\"elementor-widget-container\">\n\t\t\t\t\t\t\t<div class=\"elementor-spacer\">\n\t\t\t<div class=\"elementor-spacer-inner\"><\/div>\n\t\t<\/div>\n\t\t\t\t\t\t<\/div>\n\t\t\t\t<\/div>\n\t\t\t\t\t<\/div>\n\t\t<\/div>\n\t\t\t\t\t<\/div>\n\t\t<\/section>\n\t\t\t\t<section class=\"elementor-section elementor-top-section elementor-element elementor-element-42d21dc elementor-section-full_width elementor-section-content-middle elementor-section-height-default elementor-section-height-default\" data-id=\"42d21dc\" data-element_type=\"section\" data-e-type=\"section\">\n\t\t\t\t\t\t<div class=\"elementor-container elementor-column-gap-no\">\n\t\t\t\t\t<div class=\"elementor-column elementor-col-100 elementor-top-column elementor-element elementor-element-e76ec60\" data-id=\"e76ec60\" data-element_type=\"column\" data-e-type=\"column\" data-settings=\"{&quot;background_background&quot;:&quot;slideshow&quot;,&quot;background_slideshow_gallery&quot;:[{&quot;id&quot;:516,&quot;url&quot;:&quot;https:\\\/\\\/truccsa.com\\\/wp-content\\\/uploads\\\/2022\\\/03\\\/FOTO1-GLOXER-C2TE-S1-PRINCIPAL.jpg&quot;},{&quot;id&quot;:557,&quot;url&quot;:&quot;https:\\\/\\\/truccsa.com\\\/wp-content\\\/uploads\\\/2022\\\/03\\\/FOTO1-GLOXER-C1-scaled.jpg&quot;},{&quot;id&quot;:372,&quot;url&quot;:&quot;https:\\\/\\\/truccsa.com\\\/wp-content\\\/uploads\\\/2022\\\/03\\\/mortero-raspado.jpg&quot;},{&quot;id&quot;:411,&quot;url&quot;:&quot;https:\\\/\\\/truccsa.com\\\/wp-content\\\/uploads\\\/2022\\\/03\\\/lavado.jpg&quot;},{&quot;id&quot;:373,&quot;url&quot;:&quot;https:\\\/\\\/truccsa.com\\\/wp-content\\\/uploads\\\/2022\\\/03\\\/piedra-proyectada.jpg&quot;},{&quot;id&quot;:487,&quot;url&quot;:&quot;https:\\\/\\\/truccsa.com\\\/wp-content\\\/uploads\\\/2022\\\/03\\\/foto-TRUCCAL.jpg&quot;}],&quot;background_slideshow_loop&quot;:&quot;yes&quot;,&quot;background_slideshow_slide_duration&quot;:5000,&quot;background_slideshow_slide_transition&quot;:&quot;fade&quot;,&quot;background_slideshow_transition_duration&quot;:500}\">\n\t\t\t<div class=\"elementor-widget-wrap elementor-element-populated\">\n\t\t\t\t\t\t<div class=\"elementor-element elementor-element-fd5eb5d elementor-widget elementor-widget-spacer\" data-id=\"fd5eb5d\" data-element_type=\"widget\" data-e-type=\"widget\" data-widget_type=\"spacer.default\">\n\t\t\t\t<div class=\"elementor-widget-container\">\n\t\t\t\t\t\t\t<div class=\"elementor-spacer\">\n\t\t\t<div class=\"elementor-spacer-inner\"><\/div>\n\t\t<\/div>\n\t\t\t\t\t\t<\/div>\n\t\t\t\t<\/div>\n\t\t\t\t<section class=\"elementor-section elementor-inner-section elementor-element elementor-element-1f86dac elementor-section-full_width elementor-section-height-default elementor-section-height-default\" data-id=\"1f86dac\" data-element_type=\"section\" data-e-type=\"section\" data-settings=\"{&quot;background_background&quot;:&quot;classic&quot;}\">\n\t\t\t\t\t\t<div class=\"elementor-container elementor-column-gap-default\">\n\t\t\t\t\t<div class=\"elementor-column elementor-col-100 elementor-inner-column elementor-element elementor-element-0b3c355 elementor-invisible\" data-id=\"0b3c355\" data-element_type=\"column\" data-e-type=\"column\" data-settings=\"{&quot;background_background&quot;:&quot;classic&quot;,&quot;animation&quot;:&quot;fadeInUp&quot;}\">\n\t\t\t<div class=\"elementor-widget-wrap elementor-element-populated\">\n\t\t\t\t\t\t<div class=\"elementor-element elementor-element-f464929 elementor-widget elementor-widget-heading\" data-id=\"f464929\" data-element_type=\"widget\" data-e-type=\"widget\" data-widget_type=\"heading.default\">\n\t\t\t\t<div class=\"elementor-widget-container\">\n\t\t\t\t\t<h2 class=\"elementor-heading-title elementor-size-default\">Any doubts? Contact us now.<\/h2>\t\t\t\t<\/div>\n\t\t\t\t<\/div>\n\t\t\t\t\t<\/div>\n\t\t<\/div>\n\t\t\t\t\t<\/div>\n\t\t<\/section>\n\t\t\t\t<section class=\"elementor-section elementor-inner-section elementor-element elementor-element-688095a elementor-section-boxed elementor-section-height-default elementor-section-height-default\" data-id=\"688095a\" data-element_type=\"section\" data-e-type=\"section\" data-settings=\"{&quot;background_background&quot;:&quot;classic&quot;}\">\n\t\t\t\t\t\t<div class=\"elementor-container elementor-column-gap-default\">\n\t\t\t\t\t<div class=\"elementor-column elementor-col-100 elementor-inner-column elementor-element elementor-element-8344fed elementor-invisible\" data-id=\"8344fed\" data-element_type=\"column\" data-e-type=\"column\" data-settings=\"{&quot;background_background&quot;:&quot;classic&quot;,&quot;animation&quot;:&quot;fadeInUp&quot;}\">\n\t\t\t<div class=\"elementor-widget-wrap elementor-element-populated\">\n\t\t\t\t\t\t<div class=\"elementor-element elementor-element-41c7dd9 elementor-widget elementor-widget-shortcode\" data-id=\"41c7dd9\" data-element_type=\"widget\" data-e-type=\"widget\" data-widget_type=\"shortcode.default\">\n\t\t\t\t<div class=\"elementor-widget-container\">\n\t\t\t\t\t\t\t<div class=\"elementor-shortcode\">\n<div class=\"wpcf7 no-js\" id=\"wpcf7-f753-o1\" lang=\"es-ES\" dir=\"ltr\" data-wpcf7-id=\"753\">\n<div class=\"screen-reader-response\"><p role=\"status\" aria-live=\"polite\" aria-atomic=\"true\"><\/p> <ul><\/ul><\/div>\n<form action=\"\/en\/wp-json\/wp\/v2\/pages\/3855#wpcf7-f753-o1\" method=\"post\" class=\"wpcf7-form init\" aria-label=\"Formulario de contacto\" novalidate=\"novalidate\" data-status=\"init\">\n<fieldset class=\"hidden-fields-container\"><input type=\"hidden\" name=\"_wpcf7\" value=\"753\" \/><input type=\"hidden\" name=\"_wpcf7_version\" value=\"6.1.5\" \/><input type=\"hidden\" name=\"_wpcf7_locale\" value=\"es_ES\" \/><input type=\"hidden\" name=\"_wpcf7_unit_tag\" value=\"wpcf7-f753-o1\" \/><input type=\"hidden\" name=\"_wpcf7_container_post\" value=\"0\" \/><input type=\"hidden\" name=\"_wpcf7_posted_data_hash\" value=\"\" \/><input type=\"hidden\" name=\"_wpcf7_recaptcha_response\" value=\"\" \/>\n<\/fieldset>\n<style>\n.widget_search input[type=\"text\"].searchform-s, .woocommerce div.elementor .the7-elementor-widget form.cart table.variations td.value select, .wpcf7-number, input[type=\"text\"]:not(.elementor-field):not(.searchform-s), input[type=\"search\"]:not(.elementor-field), input[type=\"tel\"]:not(.elementor-field), input[type=\"url\"]:not(.elementor-field), input[type=\"email\"]:not(.elementor-field), input[type=\"number\"]:not(.elementor-field), input[type=\"date\"]:not(.elementor-field), input[type=\"range\"]:not(.elementor-field), input[type=\"password\"]:not(.elementor-field), select:not(.elementor-field), textarea:not(.elementor-field) {\nbackground: #fff; border: 0px; border-bottom-color: currentcolor; border-bottom-style: none; border-bottom-width: 0px; border-bottom: solid 1px #ddd; font-weight: 700; font-size: 18px; font-family: Montserrat; color: #555; margin-bottom: 5px;}\ninput[type=\"submit\"]:not([name=\"update_cart\"]):not(.woocommerce-widget-layered-nav-dropdown__submit), .post-password-form input[type=\"submit\"], .mc4wp-form input[type=\"submit\"], div.mc4wp-form button[type=\"submit\"], .tml-submit-wrap input[type=\"submit\"], .wpcf7-form input[type=\"submit\"] {\nbackground: #000; color: #fff; border-radius: 10px; border:none; font-size: 18px; font-weight: 800; padding: 0.5em 1.2em;}\n.wpcf7-spinner {display: block;}\na, a:hover { color: #0F65A0;}\ninput[type=\"text\"]:focus, input[type=\"tel\"]:focus, input[type=\"url\"]:focus, input[type=\"email\"]:focus, input[type=\"number\"]:focus, input[type=\"date\"]:focus, input[type=\"range\"]:focus, input[type=\"password\"]:focus, select:focus, textarea:focus { background:#f8f8f8; color: #555;}\n.content input[type=\"text\"]:focus, .content input[type=\"tel\"]:focus, .content input[type=\"url\"]:focus, .content input[type=\"email\"]:focus, .content input[type=\"number\"]:focus, .content input[type=\"date\"]:focus, .content input[type=\"range\"]:focus, .content input[type=\"password\"]:focus { background:#f8f8f8; color: #555; border: solid 1px #f5f5f5 !important;}\ninput[type=\"text\"], .widget_search input[type=\"text\"].searchform-s, input[type=\"search\"], input[type=\"tel\"], input[type=\"url\"], input[type=\"email\"], input[type=\"number\"], input[type=\"date\"], input[type=\"range\"], input[type=\"password\"], select, .wpcf7-number, .tinvwl-input-group .form-control, .woocommerce div.elementor .the7-elementor-widget form.cart table.variations td.value select {height:50px;}\n.wpcf7-list-item {margin: 0 1em 0 1em;}\n.wpcf7-form-control.wpcf7-acceptance .wpcf7-list-item-label { line-height:1.2em;}\np {margin:0px;}\n<\/style>\n<p><label><span class=\"wpcf7-form-control-wrap\" data-name=\"your-name\"><input size=\"40\" maxlength=\"400\" class=\"wpcf7-form-control wpcf7-text wpcf7-validates-as-required\" aria-required=\"true\" aria-invalid=\"false\" placeholder=\"Nombre*\" value=\"\" type=\"text\" name=\"your-name\" \/><\/span><\/label><br \/>\n<label><span class=\"wpcf7-form-control-wrap\" data-name=\"your-email\"><input size=\"40\" maxlength=\"400\" class=\"wpcf7-form-control wpcf7-email wpcf7-validates-as-required wpcf7-text wpcf7-validates-as-email\" aria-required=\"true\" aria-invalid=\"false\" placeholder=\"Email*\" value=\"\" type=\"email\" name=\"your-email\" \/><\/span><\/label><br \/>\n<label><span class=\"wpcf7-form-control-wrap\" data-name=\"your-subject\"><input size=\"40\" maxlength=\"400\" class=\"wpcf7-form-control wpcf7-text wpcf7-validates-as-required\" aria-required=\"true\" aria-invalid=\"false\" placeholder=\"Asunto*\" value=\"\" type=\"text\" name=\"your-subject\" \/><\/span><\/label><br \/>\n<label><span class=\"wpcf7-form-control-wrap\" data-name=\"your-message\"><textarea cols=\"40\" rows=\"3\" maxlength=\"2000\" class=\"wpcf7-form-control wpcf7-textarea\" aria-invalid=\"false\" placeholder=\"Mensaje\" name=\"your-message\"><\/textarea><\/span><\/label>\n<\/p>\n<p style=\"font-size: 0.8em;line-height: 1.2em;font-style: oblique;text-align: justify; padding: 0em 1em 1em;\">Informaci\u00f3n b\u00e1sica sobre Protecci\u00f3n de Datos. Responsable: TRUCCSA SIGLO XXI, S.L. Finalidad del tratamiento: gestionar su consulta\/solicitud, env\u00edo de informaci\u00f3n v\u00eda electr\u00f3nica y su posterior seguimiento comercial. Legitimaci\u00f3n: su consentimiento expreso al remitirnos este formulario (RGPD 6.1.a), sus datos no ser\u00e1n cedidos a terceros y se conservar\u00e1n por plazo de un a\u00f1o, salvo obligaci\u00f3n legal. Puede ejercitar los derechos de acceso, rectificaci\u00f3n, supresi\u00f3n, portabilidad, limitaci\u00f3n y oposici\u00f3n, y revocar su consentimiento dirigi\u00e9ndose a: administracion@truccsa.com.\n<\/p>\n<p style=\"margin-bottom:1em;\"><span class=\"wpcf7-form-control-wrap\" data-name=\"acceptance-779\"><span class=\"wpcf7-form-control wpcf7-acceptance\"><span class=\"wpcf7-list-item\"><label><input type=\"checkbox\" name=\"acceptance-779\" value=\"1\" aria-invalid=\"false\" \/><span class=\"wpcf7-list-item-label\">S\u00ed, he le\u00eddo y acepto el tratamiento de mis datos personales seg\u00fan la <a href=\"https:\/\/truccsa.com\/politica-de-privacidad\/\" target=\"blank\">Pol\u00edtica de Privacidad<\/a> y el <a href=\"https:\/\/truccsa.com\/aviso-legal\/\" target=\"blank\">Aviso Legal<\/a> de TRUCCSA.<\/span><\/label><\/span><\/span><\/span>\n<\/p>\n<p><span class=\"wpcf7-form-control-wrap\" data-name=\"acceptance-780\"><span class=\"wpcf7-form-control wpcf7-acceptance optional\"><span class=\"wpcf7-list-item\"><label><input type=\"checkbox\" name=\"acceptance-780\" value=\"1\" aria-invalid=\"false\" \/><span class=\"wpcf7-list-item-label\">S\u00ed, autorizo la recepci\u00f3n v\u00eda electr\u00f3nica de informaci\u00f3n comercial de TRUCCSA.<\/span><\/label><\/span><\/span><\/span>\n<\/p>\n<p style=\"text-align: center; padding: 1em;\"><input class=\"wpcf7-form-control wpcf7-submit has-spinner\" type=\"submit\" value=\"ENVIAR\" \/>\n<\/p><div class=\"wpcf7-response-output\" aria-hidden=\"true\"><\/div>\n<\/form>\n<\/div>\n<\/div>\n\t\t\t\t\t\t<\/div>\n\t\t\t\t<\/div>\n\t\t\t\t\t<\/div>\n\t\t<\/div>\n\t\t\t\t\t<\/div>\n\t\t<\/section>\n\t\t\t\t<div class=\"elementor-element elementor-element-babf155 elementor-widget elementor-widget-spacer\" data-id=\"babf155\" data-element_type=\"widget\" data-e-type=\"widget\" data-widget_type=\"spacer.default\">\n\t\t\t\t<div class=\"elementor-widget-container\">\n\t\t\t\t\t\t\t<div class=\"elementor-spacer\">\n\t\t\t<div class=\"elementor-spacer-inner\"><\/div>\n\t\t<\/div>\n\t\t\t\t\t\t<\/div>\n\t\t\t\t<\/div>\n\t\t\t\t\t<\/div>\n\t\t<\/div>\n\t\t\t\t\t<\/div>\n\t\t<\/section>\n\t\t\t\t<\/div>\n\t\t","protected":false},"excerpt":{"rendered":"<p>(+34) 968 08 10 80 Quality politics TRUCCSA, a company dedicated to the manufacture and sale of products for the construction sector, has the ISO 9001:2015 certificate Quality Politics Any doubts? Contact us now.<\/p>\n","protected":false},"author":3,"featured_media":2599,"parent":0,"menu_order":0,"comment_status":"closed","ping_status":"closed","template":"elementor_header_footer","meta":{"footnotes":""},"class_list":["post-3855","page","type-page","status-publish","has-post-thumbnail","hentry"],"_links":{"self":[{"href":"https:\/\/truccsa.com\/en\/wp-json\/wp\/v2\/pages\/3855","targetHints":{"allow":["GET"]}}],"collection":[{"href":"https:\/\/truccsa.com\/en\/wp-json\/wp\/v2\/pages"}],"about":[{"href":"https:\/\/truccsa.com\/en\/wp-json\/wp\/v2\/types\/page"}],"author":[{"embeddable":true,"href":"https:\/\/truccsa.com\/en\/wp-json\/wp\/v2\/users\/3"}],"replies":[{"embeddable":true,"href":"https:\/\/truccsa.com\/en\/wp-json\/wp\/v2\/comments?post=3855"}],"version-history":[{"count":0,"href":"https:\/\/truccsa.com\/en\/wp-json\/wp\/v2\/pages\/3855\/revisions"}],"wp:featuredmedia":[{"embeddable":true,"href":"https:\/\/truccsa.com\/en\/wp-json\/wp\/v2\/media\/2599"}],"wp:attachment":[{"href":"https:\/\/truccsa.com\/en\/wp-json\/wp\/v2\/media?parent=3855"}],"curies":[{"name":"wp","href":"https:\/\/api.w.org\/{rel}","templated":true}]}}